{"id":3913,"date":"2021-01-19T09:57:30","date_gmt":"2021-01-19T08:57:30","guid":{"rendered":"http:\/\/fitonasalitbiopomata.multisite.aboca.com\/?page_id=3913"},"modified":"2026-01-12T10:19:02","modified_gmt":"2026-01-12T09:19:02","slug":"fitonasal-biopomata","status":"publish","type":"page","link":"https:\/\/www.fitonasal.it\/biopomata\/fitonasal-biopomata\/","title":{"rendered":"Fitonasal Biopomata: a cosa serve e cosa contiene"},"content":{"rendered":"\n<h3 class=\"wp-block-heading\">Con la sua azione protettiva, contrasta l&#8217;irritazione del naso e favorisce di conseguenza la rigenerazione della mucosa nasale e la zona perinasale.<\/h3>\n\n\n\n<p><strong>Fitonasal Biopomata<\/strong>&nbsp;\u00e8 indicato nei casi di naso irritato a causa di:<\/p>\n\n\n\n<ul class=\"wp-block-list\">\n<li>rinorrea (naso che cola) dovuta a raffreddore e a varie forme di riniti;<\/li>\n\n\n\n<li>secchezza e atrofia della mucosa nasale dovute a condizioni patologiche (quali rinosinusite, rinite allergica, rinite vasomotoria), a trattamenti farmacologici (quali decongestionanti, cortisonici, antistaminici), al contatto con agenti esterni irritanti (polvere, fumo, smog, pollini o microrganismi).<\/li>\n<\/ul>\n\n\n\n<p><strong>Fitonasal Biopomata<\/strong>\u00a0\u00e8 indicato anche nei casi di irritazione, screpolature e abrasioni delle narici e della cute perinasale dovute all\u2019eccesso di muco e ai frequenti strofinamenti.\u00a0<strong>Fitonasal Biopomata<\/strong>\u00a0\u00e8 utile, inoltre, in prevenzione, nelle condizioni che possono provocare secchezza e prima di intraprendere attivit\u00e0 sportive prolungate. Pu\u00f2 essere utilizzato a partire dal sesto mese di vita. Il prodotto non contiene eucaliptolo e mentolo e pu\u00f2 essere utilizzato anche per periodi prolungati. Dona, inoltre, una piacevole sensazione di freschezza.<\/p>\n\n\n\n<h3 class=\"wp-block-heading\">COMPOSIZIONE<\/h3>\n\n\n\n<p>Sostanze funzionali:&nbsp;<strong>Redraphen<\/strong>, complesso molecolare vegetale di resine (da Incenso), polisaccaridi (da Aloe vera)*, Olio di Jojoba*. Contiene inoltre: acqua, stearato di saccarosio, distearato di saccarosio, gliceril stearato, alcool cetilstearilico, trigliceride caprilico\/caprico, gomma xanthan, acido citrico, tocoferoli, sodio silicato, alcool benzilico, sodio deidroacetato, olio di Girasole e olio essenziale di Lavanda fiori. *Ingrediente da agricoltura biologica<\/p>\n\n\n\n<h3 class=\"wp-block-heading\">MODO D\u2019USO:<\/h3>\n\n\n\n<p>Si consiglia di dosare un\u2019adeguata quantit\u00e0 di prodotto sul dito a seconda dell\u2019et\u00e0 e delle dimensioni delle narici (indicativamente circa un chicco di caff\u00e8 per gli adulti e circa la met\u00e0 per i bambini). Applicarlo all\u2019interno della narice e massaggiare delicatamente con movimenti dal basso verso l\u2019alto. In caso di irritazione, screpolature o piccole abrasioni della cute, applicare il prodotto anche sulla pelle intorno al naso. Il prodotto va applicato dopo una accurata pulizia del naso (in particolare nei bambini dopo il lavaggio con acque nasali). Ripetere l\u2019applicazione 3-4 volte nell\u2019arco della giornata ed in particolare la sera prima di andare a letto. In caso di terapia con farmaci quali decongestionanti, cortisonici e antistaminici applicare il prodotto 10-15 minuti dopo il trattamento farmacologico.<\/p>\n\n\n\n<h3 class=\"wp-block-heading\">AVVERTENZE:<\/h3>\n\n\n\n<p>Non utilizzare in presenza di gravi lesioni della mucosa e epistassi. Non utilizzare se presente ipersensibilit\u00e0 o allergia individuale verso uno o pi\u00f9 componenti. Conservare a temperatura ambiente, lontano da fonti di calore e al riparo dalla luce. Tenere fuori dalla portata dei bambini. La data di scadenza si riferisce al prodotto integro e correttamente conservato.<\/p>\n","protected":false},"excerpt":{"rendered":"<p>Con la sua azione protettiva, contrasta l&#8217;irritazione del naso e favorisce di conseguenza la rigenerazione della mucosa nasale e la zona perinasale. Fitonasal Biopomata&nbsp;\u00e8 indicato nei casi di naso irritato a causa di: Fitonasal Biopomata\u00a0\u00e8 indicato anche nei casi di irritazione, screpolature e abrasioni delle narici e della cute perinasale dovute all\u2019eccesso di muco e&#8230;  <a href=\"https:\/\/www.fitonasal.it\/biopomata\/fitonasal-biopomata\/\" class=\"more-link\" title=\"Read Fitonasal Biopomata: a cosa serve e cosa contiene\">Leggi tutto &raquo;<\/a><\/p>\n","protected":false},"author":2,"featured_media":0,"parent":0,"menu_order":0,"comment_status":"closed","ping_status":"closed","template":"","meta":{"footnotes":""},"class_list":["post-3913","page","type-page","status-publish","hentry"],"yoast_head":"<!-- This site is optimized with the Yoast SEO plugin v27.4 - https:\/\/yoast.com\/product\/yoast-seo-wordpress\/ -->\n<title>Rimedio Naso Irritato: Prova Fitonasal Biopomata<\/title>\n<meta name=\"description\" content=\"Contrasta l&#039;irritazione proteggendo e rigenerando la mucosa nasale e la zona perinasale\" \/>\n<meta name=\"robots\" content=\"index, follow, max-snippet:-1, max-image-preview:large, max-video-preview:-1\" \/>\n<link rel=\"canonical\" href=\"https:\/\/www.fitonasal.it\/biopomata\/fitonasal-biopomata\/\" \/>\n<meta property=\"og:locale\" content=\"it_IT\" \/>\n<meta property=\"og:type\" content=\"article\" \/>\n<meta property=\"og:title\" content=\"Rimedio Naso Irritato: Prova Fitonasal Biopomata\" \/>\n<meta property=\"og:description\" content=\"Contrasta l&#039;irritazione proteggendo e rigenerando la mucosa nasale e la zona perinasale\" \/>\n<meta property=\"og:url\" content=\"https:\/\/www.fitonasal.it\/biopomata\/fitonasal-biopomata\/\" \/>\n<meta property=\"og:site_name\" content=\"Fitonasal Biopomata\" \/>\n<meta property=\"article:modified_time\" content=\"2026-01-12T09:19:02+00:00\" \/>\n<meta name=\"twitter:card\" content=\"summary_large_image\" \/>\n<meta name=\"twitter:label1\" content=\"Tempo di lettura stimato\" \/>\n\t<meta name=\"twitter:data1\" content=\"2 minuti\" \/>\n<script type=\"application\/ld+json\" class=\"yoast-schema-graph\">{\"@context\":\"https:\\\/\\\/schema.org\",\"@graph\":[{\"@type\":\"WebPage\",\"@id\":\"https:\\\/\\\/www.fitonasal.it\\\/biopomata\\\/fitonasal-biopomata\\\/\",\"url\":\"https:\\\/\\\/www.fitonasal.it\\\/biopomata\\\/fitonasal-biopomata\\\/\",\"name\":\"Rimedio Naso Irritato: Prova Fitonasal Biopomata\",\"isPartOf\":{\"@id\":\"https:\\\/\\\/www.fitonasal.it\\\/biopomata\\\/#website\"},\"datePublished\":\"2021-01-19T08:57:30+00:00\",\"dateModified\":\"2026-01-12T09:19:02+00:00\",\"description\":\"Contrasta l'irritazione proteggendo e rigenerando la mucosa nasale e la zona perinasale\",\"breadcrumb\":{\"@id\":\"https:\\\/\\\/www.fitonasal.it\\\/biopomata\\\/fitonasal-biopomata\\\/#breadcrumb\"},\"inLanguage\":\"it-IT\",\"potentialAction\":[{\"@type\":\"ReadAction\",\"target\":[\"https:\\\/\\\/www.fitonasal.it\\\/biopomata\\\/fitonasal-biopomata\\\/\"]}]},{\"@type\":\"BreadcrumbList\",\"@id\":\"https:\\\/\\\/www.fitonasal.it\\\/biopomata\\\/fitonasal-biopomata\\\/#breadcrumb\",\"itemListElement\":[{\"@type\":\"ListItem\",\"position\":1,\"name\":\"Home\",\"item\":\"https:\\\/\\\/www.fitonasal.it\\\/biopomata\\\/\"},{\"@type\":\"ListItem\",\"position\":2,\"name\":\"Fitonasal Biopomata: a cosa serve e cosa contiene\"}]},{\"@type\":\"WebSite\",\"@id\":\"https:\\\/\\\/www.fitonasal.it\\\/biopomata\\\/#website\",\"url\":\"https:\\\/\\\/www.fitonasal.it\\\/biopomata\\\/\",\"name\":\"Fitonasal Biopomata\",\"description\":\"Fitonasal BioPomata contrasta l\u2019irritazione della mucosa nasale proteggendola e ne favorisce l\u2019idratazione e, di conseguenza, la rigenerazione.\",\"potentialAction\":[{\"@type\":\"SearchAction\",\"target\":{\"@type\":\"EntryPoint\",\"urlTemplate\":\"https:\\\/\\\/www.fitonasal.it\\\/biopomata\\\/?s={search_term_string}\"},\"query-input\":{\"@type\":\"PropertyValueSpecification\",\"valueRequired\":true,\"valueName\":\"search_term_string\"}}],\"inLanguage\":\"it-IT\"}]}<\/script>\n<!-- \/ Yoast SEO plugin. -->","yoast_head_json":{"title":"Rimedio Naso Irritato: Prova Fitonasal Biopomata","description":"Contrasta l'irritazione proteggendo e rigenerando la mucosa nasale e la zona perinasale","robots":{"index":"index","follow":"follow","max-snippet":"max-snippet:-1","max-image-preview":"max-image-preview:large","max-video-preview":"max-video-preview:-1"},"canonical":"https:\/\/www.fitonasal.it\/biopomata\/fitonasal-biopomata\/","og_locale":"it_IT","og_type":"article","og_title":"Rimedio Naso Irritato: Prova Fitonasal Biopomata","og_description":"Contrasta l'irritazione proteggendo e rigenerando la mucosa nasale e la zona perinasale","og_url":"https:\/\/www.fitonasal.it\/biopomata\/fitonasal-biopomata\/","og_site_name":"Fitonasal Biopomata","article_modified_time":"2026-01-12T09:19:02+00:00","twitter_card":"summary_large_image","twitter_misc":{"Tempo di lettura stimato":"2 minuti"},"schema":{"@context":"https:\/\/schema.org","@graph":[{"@type":"WebPage","@id":"https:\/\/www.fitonasal.it\/biopomata\/fitonasal-biopomata\/","url":"https:\/\/www.fitonasal.it\/biopomata\/fitonasal-biopomata\/","name":"Rimedio Naso Irritato: Prova Fitonasal Biopomata","isPartOf":{"@id":"https:\/\/www.fitonasal.it\/biopomata\/#website"},"datePublished":"2021-01-19T08:57:30+00:00","dateModified":"2026-01-12T09:19:02+00:00","description":"Contrasta l'irritazione proteggendo e rigenerando la mucosa nasale e la zona perinasale","breadcrumb":{"@id":"https:\/\/www.fitonasal.it\/biopomata\/fitonasal-biopomata\/#breadcrumb"},"inLanguage":"it-IT","potentialAction":[{"@type":"ReadAction","target":["https:\/\/www.fitonasal.it\/biopomata\/fitonasal-biopomata\/"]}]},{"@type":"BreadcrumbList","@id":"https:\/\/www.fitonasal.it\/biopomata\/fitonasal-biopomata\/#breadcrumb","itemListElement":[{"@type":"ListItem","position":1,"name":"Home","item":"https:\/\/www.fitonasal.it\/biopomata\/"},{"@type":"ListItem","position":2,"name":"Fitonasal Biopomata: a cosa serve e cosa contiene"}]},{"@type":"WebSite","@id":"https:\/\/www.fitonasal.it\/biopomata\/#website","url":"https:\/\/www.fitonasal.it\/biopomata\/","name":"Fitonasal Biopomata","description":"Fitonasal BioPomata contrasta l\u2019irritazione della mucosa nasale proteggendola e ne favorisce l\u2019idratazione e, di conseguenza, la rigenerazione.","potentialAction":[{"@type":"SearchAction","target":{"@type":"EntryPoint","urlTemplate":"https:\/\/www.fitonasal.it\/biopomata\/?s={search_term_string}"},"query-input":{"@type":"PropertyValueSpecification","valueRequired":true,"valueName":"search_term_string"}}],"inLanguage":"it-IT"}]}},"_links":{"self":[{"href":"https:\/\/www.fitonasal.it\/biopomata\/wp-json\/wp\/v2\/pages\/3913","targetHints":{"allow":["GET"]}}],"collection":[{"href":"https:\/\/www.fitonasal.it\/biopomata\/wp-json\/wp\/v2\/pages"}],"about":[{"href":"https:\/\/www.fitonasal.it\/biopomata\/wp-json\/wp\/v2\/types\/page"}],"author":[{"embeddable":true,"href":"https:\/\/www.fitonasal.it\/biopomata\/wp-json\/wp\/v2\/users\/2"}],"replies":[{"embeddable":true,"href":"https:\/\/www.fitonasal.it\/biopomata\/wp-json\/wp\/v2\/comments?post=3913"}],"version-history":[{"count":5,"href":"https:\/\/www.fitonasal.it\/biopomata\/wp-json\/wp\/v2\/pages\/3913\/revisions"}],"predecessor-version":[{"id":4147,"href":"https:\/\/www.fitonasal.it\/biopomata\/wp-json\/wp\/v2\/pages\/3913\/revisions\/4147"}],"wp:attachment":[{"href":"https:\/\/www.fitonasal.it\/biopomata\/wp-json\/wp\/v2\/media?parent=3913"}],"curies":[{"name":"wp","href":"https:\/\/api.w.org\/{rel}","templated":true}]}}