{"id":3913,"date":"2021-01-19T09:57:30","date_gmt":"2021-01-19T08:57:30","guid":{"rendered":"http:\/\/fitonasalitnebulizzatore.multisite.aboca.com\/?page_id=3913"},"modified":"2026-01-12T10:16:22","modified_gmt":"2026-01-12T09:16:22","slug":"fitonasal-nebulizzatore","status":"publish","type":"page","link":"https:\/\/www.fitonasal.it\/nebulizzatore\/fitonasal-nebulizzatore\/","title":{"rendered":"Fitonasal Nebulizzatore"},"content":{"rendered":"\n<p><h3>Lava, decongestiona e protegge la mucosa nasale<\/h3><\/p>\n\n\n\n<p><strong>Fitonasal Nebulizzatore <\/strong>\u00e8 un prodotto che libera il naso da polveri, pollini e altri allergeni, fluidifica il muco, decongestiona e protegge la mucosa nasale. Utilizzabile da adulti e bambini da 6 anni di et\u00e0. \u00c8 indicato per la prevenzione e il trattamento, sia acuto che cronico, delle irritazioni, della congestione nasale e del prurito dovuti ad allergie, inquinamento e\/o aria condizionata, raffreddore e sindromi influenzali, rinosinusiti, cause meccanico-ostruttive (es. deviazioni del setto nasale).<\/p>\n\n\n\n<p><h3>Composizione<\/h3><\/p>\n\n\n\n<p><strong>TANNISAL-FL<\/strong>:<strong> <\/strong>complesso molecolare standardizzato composto da frazione tanninica e frazione flavonoidica (da Amamelide e Timo), Salgemma (sale di estrazione mineraria non trattato chimicamente).<\/p>\n\n\n\n<p>Acqua, Glicerina vegetale, Aroma di Eucalipto e Aroma di Menta.<\/p>\n\n\n\n<h3>Modo d\u2019uso<\/strong><\/h3>\n\n\n\n<p>Effettuare una erogazione per narice almeno 2 volte al giorno, mattina e sera e ogni qualvolta lo si ritiene necessario.<\/p>\n\n\n\n<p>Si consiglia di applicare il prodotto anche alla sera prima di coricarsi per una igiene profonda delle cavit\u00e0 nasali che favorisce la respirazione durante il riposo notturno. Inclinare la testa di lato, inserire l\u2019erogatore nella narice rivolta verso l\u2019alto ed esercitare una leggera pressione per alcuni secondi. Ripetere l\u2019operazione con l\u2019altra narice<\/p>\n\n\n\n<p>Lasciare che il prodotto si diffonda nelle cavit\u00e0 nasali. Soffiare il naso.<\/p>\n\n\n\n<figure class=\"wp-block-image size-full\"><img loading=\"lazy\" decoding=\"async\" width=\"800\" height=\"222\" src=\"https:\/\/www.fitonasal.it\/nebulizzatore\/wp-content\/uploads\/sites\/136\/2021\/02\/d8f8e0ea-88f7-4706-ae7e-97ef8227b342.png\" alt=\"\" class=\"wp-image-4002\" srcset=\"https:\/\/www.fitonasal.it\/nebulizzatore\/wp-content\/uploads\/sites\/136\/2021\/02\/d8f8e0ea-88f7-4706-ae7e-97ef8227b342.png 800w, https:\/\/www.fitonasal.it\/nebulizzatore\/wp-content\/uploads\/sites\/136\/2021\/02\/d8f8e0ea-88f7-4706-ae7e-97ef8227b342-300x83.png 300w, https:\/\/www.fitonasal.it\/nebulizzatore\/wp-content\/uploads\/sites\/136\/2021\/02\/d8f8e0ea-88f7-4706-ae7e-97ef8227b342-768x213.png 768w\" sizes=\"auto, (max-width: 800px) 100vw, 800px\" \/><\/figure>\n\n\n\n<p>Dopo ciascun utilizzo pulire l\u2019erogatore con un panno umido e pulito e asciugare con cura. <\/p>\n\n\n\n<p>Fitonasal Nebulizzatore pu\u00f2 essere utilizzato frequentemente e per periodi prolungati perch\u00e9 non contiene decongestionanti vasocostrittori, non d\u00e0 assuefazione, non irrita e non secca la mucosa.<\/p>\n\n\n\n<p><\/p>\n\n\n\n<h3>Avvertenze<\/h3>\n<p>Non utilizzare se presente ipersensibilit\u00e0 o allergia individuale verso uno o pi\u00f9 componenti. Utilizzare esclusivamente per via nasale. Evitare il contatto con gli occhi, nel caso lavarli con acqua. Se i sintomi persistono consultare il medico.<\/p>\n\n\n\n<p><strong>Attenzione <\/strong>&#8211; Contenitore pressurizzato: pu\u00f2 scoppiare se riscaldato. Non perforare n\u00e9 bruciare neppure dopo l\u2019uso. Tenere lontano da fonti di calore, superfici calde, scintille, fiamme libere o altre fonti di accensione. Non fumare. Proteggere dai raggi solari. <\/p>\n\n\n\n<p><strong>Non esporre a temperature superiori a 50\u00b0 C\/122 \u00b0F<\/strong>. Tenere fuori dalla portata dei bambini. Conservare a temperatura ambiente in luogo fresco, asciutto, lontano da fonti di calore e al riparo dalla luce. La data di scadenza riferisce al prodotto integro e correttamente conservato. La data di scadenza indicata sulla confezione resta invariata anche dopo la prima erogazione<\/p>\n","protected":false},"excerpt":{"rendered":"<p>Lava, decongestiona e protegge la mucosa nasale Fitonasal Nebulizzatore \u00e8 un prodotto che libera il naso da polveri, pollini e altri allergeni, fluidifica il muco, decongestiona e protegge la mucosa nasale. Utilizzabile da adulti e bambini da 6 anni di et\u00e0. \u00c8 indicato per la prevenzione e il trattamento, sia acuto che cronico, delle irritazioni,&#8230;  <a href=\"https:\/\/www.fitonasal.it\/nebulizzatore\/fitonasal-nebulizzatore\/\" class=\"more-link\" title=\"Read Fitonasal Nebulizzatore\">Leggi tutto &raquo;<\/a><\/p>\n","protected":false},"author":2,"featured_media":0,"parent":0,"menu_order":0,"comment_status":"closed","ping_status":"closed","template":"","meta":{"footnotes":""},"class_list":["post-3913","page","type-page","status-publish","hentry"],"yoast_head":"<!-- This site is optimized with the Yoast SEO plugin v27.4 - https:\/\/yoast.com\/product\/yoast-seo-wordpress\/ -->\n<title>Fitonasal Nebulizzatore - Fitonasal Nebulizzatore<\/title>\n<meta name=\"description\" content=\"Fitonasal Nebulizzatore \u00e8 un prodotto che libera il naso da polveri, pollini e altri allergeni, fluidifica il muco, decongestiona e protegge la mucosa nasale\" \/>\n<meta name=\"robots\" content=\"index, follow, max-snippet:-1, max-image-preview:large, max-video-preview:-1\" \/>\n<link rel=\"canonical\" href=\"https:\/\/www.fitonasal.it\/nebulizzatore\/fitonasal-nebulizzatore\/\" \/>\n<meta property=\"og:locale\" content=\"it_IT\" \/>\n<meta property=\"og:type\" content=\"article\" \/>\n<meta property=\"og:title\" content=\"Fitonasal Nebulizzatore - Fitonasal Nebulizzatore\" \/>\n<meta property=\"og:description\" content=\"Fitonasal Nebulizzatore \u00e8 un prodotto che libera il naso da polveri, pollini e altri allergeni, fluidifica il muco, decongestiona e protegge la mucosa nasale\" \/>\n<meta property=\"og:url\" content=\"https:\/\/www.fitonasal.it\/nebulizzatore\/fitonasal-nebulizzatore\/\" \/>\n<meta property=\"og:site_name\" content=\"Fitonasal Nebulizzatore\" \/>\n<meta property=\"article:modified_time\" content=\"2026-01-12T09:16:22+00:00\" \/>\n<meta property=\"og:image\" content=\"https:\/\/www.fitonasal.it\/nebulizzatore\/wp-content\/uploads\/sites\/136\/2021\/02\/d8f8e0ea-88f7-4706-ae7e-97ef8227b342.png\" \/>\n\t<meta property=\"og:image:width\" content=\"800\" \/>\n\t<meta property=\"og:image:height\" content=\"222\" \/>\n\t<meta property=\"og:image:type\" content=\"image\/png\" \/>\n<meta name=\"twitter:card\" content=\"summary_large_image\" \/>\n<meta name=\"twitter:label1\" content=\"Tempo di lettura stimato\" \/>\n\t<meta name=\"twitter:data1\" content=\"3 minuti\" \/>\n<script type=\"application\/ld+json\" class=\"yoast-schema-graph\">{\"@context\":\"https:\\\/\\\/schema.org\",\"@graph\":[{\"@type\":\"WebPage\",\"@id\":\"https:\\\/\\\/www.fitonasal.it\\\/nebulizzatore\\\/fitonasal-nebulizzatore\\\/\",\"url\":\"https:\\\/\\\/www.fitonasal.it\\\/nebulizzatore\\\/fitonasal-nebulizzatore\\\/\",\"name\":\"Fitonasal Nebulizzatore - Fitonasal Nebulizzatore\",\"isPartOf\":{\"@id\":\"https:\\\/\\\/www.fitonasal.it\\\/nebulizzatore\\\/#website\"},\"primaryImageOfPage\":{\"@id\":\"https:\\\/\\\/www.fitonasal.it\\\/nebulizzatore\\\/fitonasal-nebulizzatore\\\/#primaryimage\"},\"image\":{\"@id\":\"https:\\\/\\\/www.fitonasal.it\\\/nebulizzatore\\\/fitonasal-nebulizzatore\\\/#primaryimage\"},\"thumbnailUrl\":\"https:\\\/\\\/www.fitonasal.it\\\/nebulizzatore\\\/wp-content\\\/uploads\\\/sites\\\/136\\\/2021\\\/02\\\/d8f8e0ea-88f7-4706-ae7e-97ef8227b342.png\",\"datePublished\":\"2021-01-19T08:57:30+00:00\",\"dateModified\":\"2026-01-12T09:16:22+00:00\",\"description\":\"Fitonasal Nebulizzatore \u00e8 un prodotto che libera il naso da polveri, pollini e altri allergeni, fluidifica il muco, decongestiona e protegge la mucosa nasale\",\"breadcrumb\":{\"@id\":\"https:\\\/\\\/www.fitonasal.it\\\/nebulizzatore\\\/fitonasal-nebulizzatore\\\/#breadcrumb\"},\"inLanguage\":\"it-IT\",\"potentialAction\":[{\"@type\":\"ReadAction\",\"target\":[\"https:\\\/\\\/www.fitonasal.it\\\/nebulizzatore\\\/fitonasal-nebulizzatore\\\/\"]}]},{\"@type\":\"ImageObject\",\"inLanguage\":\"it-IT\",\"@id\":\"https:\\\/\\\/www.fitonasal.it\\\/nebulizzatore\\\/fitonasal-nebulizzatore\\\/#primaryimage\",\"url\":\"https:\\\/\\\/www.fitonasal.it\\\/nebulizzatore\\\/wp-content\\\/uploads\\\/sites\\\/136\\\/2021\\\/02\\\/d8f8e0ea-88f7-4706-ae7e-97ef8227b342.png\",\"contentUrl\":\"https:\\\/\\\/www.fitonasal.it\\\/nebulizzatore\\\/wp-content\\\/uploads\\\/sites\\\/136\\\/2021\\\/02\\\/d8f8e0ea-88f7-4706-ae7e-97ef8227b342.png\",\"width\":800,\"height\":222},{\"@type\":\"BreadcrumbList\",\"@id\":\"https:\\\/\\\/www.fitonasal.it\\\/nebulizzatore\\\/fitonasal-nebulizzatore\\\/#breadcrumb\",\"itemListElement\":[{\"@type\":\"ListItem\",\"position\":1,\"name\":\"Home\",\"item\":\"https:\\\/\\\/www.fitonasal.it\\\/nebulizzatore\\\/\"},{\"@type\":\"ListItem\",\"position\":2,\"name\":\"Fitonasal Nebulizzatore\"}]},{\"@type\":\"WebSite\",\"@id\":\"https:\\\/\\\/www.fitonasal.it\\\/nebulizzatore\\\/#website\",\"url\":\"https:\\\/\\\/www.fitonasal.it\\\/nebulizzatore\\\/\",\"name\":\"Fitonasal Nebulizzatore\",\"description\":\"Ecco un altro sito Aboca Network siti\",\"potentialAction\":[{\"@type\":\"SearchAction\",\"target\":{\"@type\":\"EntryPoint\",\"urlTemplate\":\"https:\\\/\\\/www.fitonasal.it\\\/nebulizzatore\\\/?s={search_term_string}\"},\"query-input\":{\"@type\":\"PropertyValueSpecification\",\"valueRequired\":true,\"valueName\":\"search_term_string\"}}],\"inLanguage\":\"it-IT\"}]}<\/script>\n<!-- \/ Yoast SEO plugin. -->","yoast_head_json":{"title":"Fitonasal Nebulizzatore - Fitonasal Nebulizzatore","description":"Fitonasal Nebulizzatore \u00e8 un prodotto che libera il naso da polveri, pollini e altri allergeni, fluidifica il muco, decongestiona e protegge la mucosa nasale","robots":{"index":"index","follow":"follow","max-snippet":"max-snippet:-1","max-image-preview":"max-image-preview:large","max-video-preview":"max-video-preview:-1"},"canonical":"https:\/\/www.fitonasal.it\/nebulizzatore\/fitonasal-nebulizzatore\/","og_locale":"it_IT","og_type":"article","og_title":"Fitonasal Nebulizzatore - Fitonasal Nebulizzatore","og_description":"Fitonasal Nebulizzatore \u00e8 un prodotto che libera il naso da polveri, pollini e altri allergeni, fluidifica il muco, decongestiona e protegge la mucosa nasale","og_url":"https:\/\/www.fitonasal.it\/nebulizzatore\/fitonasal-nebulizzatore\/","og_site_name":"Fitonasal Nebulizzatore","article_modified_time":"2026-01-12T09:16:22+00:00","og_image":[{"width":800,"height":222,"url":"https:\/\/www.fitonasal.it\/nebulizzatore\/wp-content\/uploads\/sites\/136\/2021\/02\/d8f8e0ea-88f7-4706-ae7e-97ef8227b342.png","type":"image\/png"}],"twitter_card":"summary_large_image","twitter_misc":{"Tempo di lettura stimato":"3 minuti"},"schema":{"@context":"https:\/\/schema.org","@graph":[{"@type":"WebPage","@id":"https:\/\/www.fitonasal.it\/nebulizzatore\/fitonasal-nebulizzatore\/","url":"https:\/\/www.fitonasal.it\/nebulizzatore\/fitonasal-nebulizzatore\/","name":"Fitonasal Nebulizzatore - Fitonasal Nebulizzatore","isPartOf":{"@id":"https:\/\/www.fitonasal.it\/nebulizzatore\/#website"},"primaryImageOfPage":{"@id":"https:\/\/www.fitonasal.it\/nebulizzatore\/fitonasal-nebulizzatore\/#primaryimage"},"image":{"@id":"https:\/\/www.fitonasal.it\/nebulizzatore\/fitonasal-nebulizzatore\/#primaryimage"},"thumbnailUrl":"https:\/\/www.fitonasal.it\/nebulizzatore\/wp-content\/uploads\/sites\/136\/2021\/02\/d8f8e0ea-88f7-4706-ae7e-97ef8227b342.png","datePublished":"2021-01-19T08:57:30+00:00","dateModified":"2026-01-12T09:16:22+00:00","description":"Fitonasal Nebulizzatore \u00e8 un prodotto che libera il naso da polveri, pollini e altri allergeni, fluidifica il muco, decongestiona e protegge la mucosa nasale","breadcrumb":{"@id":"https:\/\/www.fitonasal.it\/nebulizzatore\/fitonasal-nebulizzatore\/#breadcrumb"},"inLanguage":"it-IT","potentialAction":[{"@type":"ReadAction","target":["https:\/\/www.fitonasal.it\/nebulizzatore\/fitonasal-nebulizzatore\/"]}]},{"@type":"ImageObject","inLanguage":"it-IT","@id":"https:\/\/www.fitonasal.it\/nebulizzatore\/fitonasal-nebulizzatore\/#primaryimage","url":"https:\/\/www.fitonasal.it\/nebulizzatore\/wp-content\/uploads\/sites\/136\/2021\/02\/d8f8e0ea-88f7-4706-ae7e-97ef8227b342.png","contentUrl":"https:\/\/www.fitonasal.it\/nebulizzatore\/wp-content\/uploads\/sites\/136\/2021\/02\/d8f8e0ea-88f7-4706-ae7e-97ef8227b342.png","width":800,"height":222},{"@type":"BreadcrumbList","@id":"https:\/\/www.fitonasal.it\/nebulizzatore\/fitonasal-nebulizzatore\/#breadcrumb","itemListElement":[{"@type":"ListItem","position":1,"name":"Home","item":"https:\/\/www.fitonasal.it\/nebulizzatore\/"},{"@type":"ListItem","position":2,"name":"Fitonasal Nebulizzatore"}]},{"@type":"WebSite","@id":"https:\/\/www.fitonasal.it\/nebulizzatore\/#website","url":"https:\/\/www.fitonasal.it\/nebulizzatore\/","name":"Fitonasal Nebulizzatore","description":"Ecco un altro sito Aboca Network siti","potentialAction":[{"@type":"SearchAction","target":{"@type":"EntryPoint","urlTemplate":"https:\/\/www.fitonasal.it\/nebulizzatore\/?s={search_term_string}"},"query-input":{"@type":"PropertyValueSpecification","valueRequired":true,"valueName":"search_term_string"}}],"inLanguage":"it-IT"}]}},"_links":{"self":[{"href":"https:\/\/www.fitonasal.it\/nebulizzatore\/wp-json\/wp\/v2\/pages\/3913","targetHints":{"allow":["GET"]}}],"collection":[{"href":"https:\/\/www.fitonasal.it\/nebulizzatore\/wp-json\/wp\/v2\/pages"}],"about":[{"href":"https:\/\/www.fitonasal.it\/nebulizzatore\/wp-json\/wp\/v2\/types\/page"}],"author":[{"embeddable":true,"href":"https:\/\/www.fitonasal.it\/nebulizzatore\/wp-json\/wp\/v2\/users\/2"}],"replies":[{"embeddable":true,"href":"https:\/\/www.fitonasal.it\/nebulizzatore\/wp-json\/wp\/v2\/comments?post=3913"}],"version-history":[{"count":5,"href":"https:\/\/www.fitonasal.it\/nebulizzatore\/wp-json\/wp\/v2\/pages\/3913\/revisions"}],"predecessor-version":[{"id":4080,"href":"https:\/\/www.fitonasal.it\/nebulizzatore\/wp-json\/wp\/v2\/pages\/3913\/revisions\/4080"}],"wp:attachment":[{"href":"https:\/\/www.fitonasal.it\/nebulizzatore\/wp-json\/wp\/v2\/media?parent=3913"}],"curies":[{"name":"wp","href":"https:\/\/api.w.org\/{rel}","templated":true}]}}